{"id":138,"date":"2019-01-26T07:49:24","date_gmt":"2019-01-26T07:49:24","guid":{"rendered":"https:\/\/metaforasdelsercaribe.com\/wp\/home-2\/"},"modified":"2024-10-09T03:33:14","modified_gmt":"2024-10-09T03:33:14","slug":"home-2","status":"publish","type":"page","link":"https:\/\/metaforasdelsercaribe.com\/wp\/","title":{"rendered":"Home"},"content":{"rendered":"\t\t<div data-elementor-type=\"wp-post\" data-elementor-id=\"138\" class=\"elementor elementor-138\">\n\t\t\t\t\t\t<section class=\"elementor-section elementor-top-section elementor-element elementor-element-4f05b4a elementor-section-content-middle elementor-section-boxed elementor-section-height-default elementor-section-height-default\" data-id=\"4f05b4a\" data-element_type=\"section\">\n\t\t\t\t\t\t<div class=\"elementor-container elementor-column-gap-default\">\n\t\t\t\t\t<div class=\"aux-parallax-section elementor-column elementor-col-33 elementor-top-column elementor-element elementor-element-715f265 aux-appear-watch-animation aux-fade-in-left-1\" data-id=\"715f265\" data-element_type=\"column\">\n\t\t\t<div class=\"elementor-widget-wrap elementor-element-populated\">\n\t\t\t\t\t\t<div class=\"elementor-element elementor-element-c1ec5fd elementor-widget elementor-widget-aux_image\" data-id=\"c1ec5fd\" data-element_type=\"widget\" data-widget_type=\"aux_image.default\">\n\t\t\t\t<div class=\"elementor-widget-container\">\n\t\t\t<section class=\"widget-container aux-widget-image aux-alignnone aux-parent-au692e09ac\">\n    <div class=\"aux-media-hint-frame \">\n        <div class=\"aux-media-image \" >\n        \n            \n\n            \n            <img decoding=\"async\" width=\"215\" height=\"215\" src=\"data:image\/gif;base64,R0lGODlhAQABAIAAAAAAAP\/\/\/yH5BAEAAAAALAAAAAABAAEAAAIBRAA7\" class=\"aux-attachment aux-featured-image aux-attachment-id-149 aux-preload aux-blank\" alt=\"circulo_web\" data-ratio=\"1\" data-original-w=\"215\" sizes=\"auto\" data-srcset=\"https:\/\/metaforasdelsercaribe.com\/wp\/wp-content\/uploads\/2024\/10\/circulo_web-150x150.jpg 150w,https:\/\/metaforasdelsercaribe.com\/wp\/wp-content\/uploads\/2024\/10\/circulo_web-215x215.jpg 215w\" data-src=\"https:\/\/metaforasdelsercaribe.com\/wp\/wp-content\/uploads\/2024\/10\/circulo_web-215x215.jpg\" \/>            \n                <\/div>\n    <\/div>\n\n<\/section><!-- widget-container -->\t\t<\/div>\n\t\t\t\t<\/div>\n\t\t\t\t\t<\/div>\n\t\t<\/div>\n\t\t\t\t<div class=\"aux-parallax-section elementor-column elementor-col-33 elementor-top-column elementor-element elementor-element-02946aa aux-appear-watch-animation aux-fade-in-right-1\" data-id=\"02946aa\" data-element_type=\"column\">\n\t\t\t<div class=\"elementor-widget-wrap elementor-element-populated\">\n\t\t\t\t\t\t<div class=\"elementor-element elementor-element-7a62a3d elementor-widget__width-auto elementor-widget elementor-widget-aux_modern_heading\" data-id=\"7a62a3d\" data-element_type=\"widget\" data-widget_type=\"aux_modern_heading.default\">\n\t\t\t\t<div class=\"elementor-widget-container\">\n\t\t\t<section class=\"aux-widget-modern-heading\">\n            <div class=\"aux-widget-inner\"><div class=\"aux-modern-heading-divider\"><\/div><h4 class=\"aux-modern-heading-primary\">Artistas pl\u00e1sticos: RUBIEL BADILLO ROMERO &amp; HERNANDO ARTETA DE ALBA\n<\/h4><\/div>\n        <\/section>\t\t<\/div>\n\t\t\t\t<\/div>\n\t\t\t\t<div class=\"elementor-element elementor-element-d8d6bae elementor-widget__width-auto elementor-widget elementor-widget-aux_button\" data-id=\"d8d6bae\" data-element_type=\"widget\" data-widget_type=\"aux_button.default\">\n\t\t\t\t<div class=\"elementor-widget-container\">\n\t\t\t<button   class=\"aux-button aux-small aux-brick-red aux-none aux-uppercase\" ><span class=\"aux-overlay\"><\/span><span class=\"aux-text\">25 A\u00d1OS DE ARTE<\/span><span class=\"aux-icon fa fa-long-arrow-right\"><\/span><\/button>\t\t<\/div>\n\t\t\t\t<\/div>\n\t\t\t\t\t<\/div>\n\t\t<\/div>\n\t\t\t\t<div class=\"aux-parallax-section elementor-column elementor-col-33 elementor-top-column elementor-element elementor-element-0c7c5ef\" data-id=\"0c7c5ef\" data-element_type=\"column\">\n\t\t\t<div class=\"elementor-widget-wrap\">\n\t\t\t\t\t\t\t<\/div>\n\t\t<\/div>\n\t\t\t\t\t<\/div>\n\t\t<\/section>\n\t\t\t\t<section class=\"elementor-section elementor-top-section elementor-element elementor-element-c820e06 elementor-section-content-middle elementor-reverse-tablet elementor-reverse-mobile elementor-section-boxed elementor-section-height-default elementor-section-height-default\" data-id=\"c820e06\" data-element_type=\"section\">\n\t\t\t\t\t\t<div class=\"elementor-container elementor-column-gap-no\">\n\t\t\t\t\t<div class=\"aux-parallax-section elementor-column elementor-col-25 elementor-top-column elementor-element elementor-element-f9046bb\" data-id=\"f9046bb\" data-element_type=\"column\">\n\t\t\t<div class=\"elementor-widget-wrap\">\n\t\t\t\t\t\t\t<\/div>\n\t\t<\/div>\n\t\t\t\t<div class=\"aux-parallax-section elementor-column elementor-col-25 elementor-top-column elementor-element elementor-element-581c64d\" data-id=\"581c64d\" data-element_type=\"column\">\n\t\t\t<div class=\"elementor-widget-wrap elementor-element-populated\">\n\t\t\t\t\t\t<div class=\"elementor-element elementor-element-65e2598 aux-appear-watch-animation aux-fade-in elementor-widget elementor-widget-aux_modern_heading\" data-id=\"65e2598\" data-element_type=\"widget\" data-widget_type=\"aux_modern_heading.default\">\n\t\t\t\t<div class=\"elementor-widget-container\">\n\t\t\t<section class=\"aux-widget-modern-heading\">\n            <div class=\"aux-widget-inner\"><div class=\"aux-modern-heading-divider\"><\/div><h3 class=\"aux-modern-heading-primary\">LA EXPOSICI\u00d3N\n\n<\/h3><h5 class=\"aux-modern-heading-secondary\"><span class=\"aux-head-before\">gira en torno a dos miradas que exploran el entorno de la cultura caribe <\/span><\/h5><div class=\"aux-modern-heading-description\"><p>VER TEM\u00c1TICA [+]<\/div><\/div>\n        <\/section>\t\t<\/div>\n\t\t\t\t<\/div>\n\t\t\t\t\t<\/div>\n\t\t<\/div>\n\t\t\t\t<div class=\"aux-parallax-section elementor-column elementor-col-25 elementor-top-column elementor-element elementor-element-2fa7362\" data-id=\"2fa7362\" data-element_type=\"column\">\n\t\t\t<div class=\"elementor-widget-wrap elementor-element-populated\">\n\t\t\t\t\t\t<div class=\"elementor-element elementor-element-1e54dea aux-appear-watch-animation aux-fade-in elementor-widget elementor-widget-aux_image\" data-id=\"1e54dea\" data-element_type=\"widget\" data-widget_type=\"aux_image.default\">\n\t\t\t\t<div class=\"elementor-widget-container\">\n\t\t\t<section class=\"widget-container aux-widget-image aux-alignnone aux-parent-au387533fb\">\n    <div class=\"aux-media-hint-frame \">\n        <div class=\"aux-media-image \" >\n        \n            \n\n            \n            <img fetchpriority=\"high\" decoding=\"async\" width=\"1024\" height=\"1024\" src=\"data:image\/gif;base64,R0lGODlhAQABAIAAAAAAAP\/\/\/yH5BAEAAAAALAAAAAABAAEAAAIBRAA7\" class=\"aux-attachment aux-featured-image aux-attachment-id-154 aux-preload aux-blank\" alt=\"slide_002\" data-ratio=\"1\" data-original-w=\"1024\" sizes=\"auto\" data-srcset=\"https:\/\/metaforasdelsercaribe.com\/wp\/wp-content\/uploads\/2024\/10\/slide_002-150x150.jpg 150w,https:\/\/metaforasdelsercaribe.com\/wp\/wp-content\/uploads\/2024\/10\/slide_002-300x300.jpg 300w,https:\/\/metaforasdelsercaribe.com\/wp\/wp-content\/uploads\/2024\/10\/slide_002-768x768.jpg 768w,https:\/\/metaforasdelsercaribe.com\/wp\/wp-content\/uploads\/2024\/10\/slide_002-1024x1024.jpg 1024w\" data-src=\"https:\/\/metaforasdelsercaribe.com\/wp\/wp-content\/uploads\/2024\/10\/slide_002-1024x1024.jpg\" \/>            \n                <\/div>\n    <\/div>\n\n<\/section><!-- widget-container -->\t\t<\/div>\n\t\t\t\t<\/div>\n\t\t\t\t\t<\/div>\n\t\t<\/div>\n\t\t\t\t<div class=\"aux-parallax-section elementor-column elementor-col-25 elementor-top-column elementor-element elementor-element-6735f6a aux-appear-watch-animation aux-fade-in-up\" data-id=\"6735f6a\" data-element_type=\"column\">\n\t\t\t<div class=\"elementor-widget-wrap elementor-element-populated\">\n\t\t\t\t\t\t<div class=\"elementor-element elementor-element-a160d3b elementor-hidden-tablet elementor-hidden-phone elementor-widget elementor-widget-aux_modern_heading\" data-id=\"a160d3b\" data-element_type=\"widget\" data-widget_type=\"aux_modern_heading.default\">\n\t\t\t\t<div class=\"elementor-widget-container\">\n\t\t\t<section class=\"aux-widget-modern-heading\">\n            <div class=\"aux-widget-inner\"><h4 class=\"aux-modern-heading-primary\">PINTURAS &amp; ESCULTURAS\n\n<\/h4><\/div>\n        <\/section>\t\t<\/div>\n\t\t\t\t<\/div>\n\t\t\t\t\t<\/div>\n\t\t<\/div>\n\t\t\t\t\t<\/div>\n\t\t<\/section>\n\t\t\t\t<section class=\"elementor-section elementor-top-section elementor-element elementor-element-6c241a0 elementor-section-content-middle elementor-reverse-tablet elementor-reverse-mobile elementor-section-boxed elementor-section-height-default elementor-section-height-default\" data-id=\"6c241a0\" data-element_type=\"section\">\n\t\t\t\t\t\t<div class=\"elementor-container elementor-column-gap-default\">\n\t\t\t\t\t<div class=\"aux-parallax-section elementor-column elementor-col-25 elementor-top-column elementor-element elementor-element-5a895bd\" data-id=\"5a895bd\" data-element_type=\"column\">\n\t\t\t<div class=\"elementor-widget-wrap\">\n\t\t\t\t\t\t\t<\/div>\n\t\t<\/div>\n\t\t\t\t<div class=\"aux-parallax-section elementor-column elementor-col-25 elementor-top-column elementor-element elementor-element-f45014f\" data-id=\"f45014f\" data-element_type=\"column\">\n\t\t\t<div class=\"elementor-widget-wrap elementor-element-populated\">\n\t\t\t\t\t\t<div class=\"elementor-element elementor-element-78060f2 aux-appear-watch-animation aux-fade-in elementor-widget elementor-widget-aux_modern_heading\" data-id=\"78060f2\" data-element_type=\"widget\" data-widget_type=\"aux_modern_heading.default\">\n\t\t\t\t<div class=\"elementor-widget-container\">\n\t\t\t<section class=\"aux-widget-modern-heading\">\n            <div class=\"aux-widget-inner\"><div class=\"aux-modern-heading-divider\"><\/div><h3 class=\"aux-modern-heading-primary\">LAS OBRAS<\/h3><h5 class=\"aux-modern-heading-secondary\"><span class=\"aux-head-before\">Un recorrido visual por las obras y sus procesos art\u00edsticos.<\/span><\/h5><div class=\"aux-modern-heading-description\"><p>VER M\u00c1S [+]\u00a0<\/p><\/div><\/div>\n        <\/section>\t\t<\/div>\n\t\t\t\t<\/div>\n\t\t\t\t\t<\/div>\n\t\t<\/div>\n\t\t\t\t<div class=\"aux-parallax-section elementor-column elementor-col-25 elementor-top-column elementor-element elementor-element-d612456\" data-id=\"d612456\" data-element_type=\"column\">\n\t\t\t<div class=\"elementor-widget-wrap elementor-element-populated\">\n\t\t\t\t\t\t<div class=\"elementor-element elementor-element-f7c5e23 aux-appear-watch-animation aux-fade-in elementor-widget elementor-widget-aux_image\" data-id=\"f7c5e23\" data-element_type=\"widget\" data-widget_type=\"aux_image.default\">\n\t\t\t\t<div class=\"elementor-widget-container\">\n\t\t\t<section class=\"widget-container aux-widget-image aux-alignnone aux-parent-au1f1cd1f3\">\n    <div class=\"aux-media-hint-frame \">\n        <div class=\"aux-media-image \" >\n        \n            \n\n            \n            <img decoding=\"async\" width=\"685\" height=\"884\" src=\"data:image\/gif;base64,R0lGODlhAQABAIAAAAAAAP\/\/\/yH5BAEAAAAALAAAAAABAAEAAAIBRAA7\" class=\"aux-attachment aux-featured-image aux-attachment-id-177 aux-preload aux-blank\" alt=\"OBRAS_PANT\" data-ratio=\"0.77\" data-original-w=\"685\" sizes=\"auto\" data-srcset=\"https:\/\/metaforasdelsercaribe.com\/wp\/wp-content\/uploads\/2024\/10\/OBRAS_PANT-150x194.jpg 150w,https:\/\/metaforasdelsercaribe.com\/wp\/wp-content\/uploads\/2024\/10\/OBRAS_PANT-300x387.jpg 300w,https:\/\/metaforasdelsercaribe.com\/wp\/wp-content\/uploads\/2024\/10\/OBRAS_PANT-685x884.jpg 685w\" data-src=\"https:\/\/metaforasdelsercaribe.com\/wp\/wp-content\/uploads\/2024\/10\/OBRAS_PANT-685x884.jpg\" \/>            \n                <\/div>\n    <\/div>\n\n<\/section><!-- widget-container -->\t\t<\/div>\n\t\t\t\t<\/div>\n\t\t\t\t\t<\/div>\n\t\t<\/div>\n\t\t\t\t<div class=\"aux-parallax-section elementor-column elementor-col-25 elementor-top-column elementor-element elementor-element-9c5f577 aux-appear-watch-animation aux-fade-in-up\" data-id=\"9c5f577\" data-element_type=\"column\">\n\t\t\t<div class=\"elementor-widget-wrap elementor-element-populated\">\n\t\t\t\t\t\t<div class=\"elementor-element elementor-element-561d487 elementor-hidden-tablet elementor-hidden-phone elementor-widget elementor-widget-aux_modern_heading\" data-id=\"561d487\" data-element_type=\"widget\" data-widget_type=\"aux_modern_heading.default\">\n\t\t\t\t<div class=\"elementor-widget-container\">\n\t\t\t<section class=\"aux-widget-modern-heading\">\n            <div class=\"aux-widget-inner\"><h4 class=\"aux-modern-heading-primary\">CONTENIDOS MULTIMEDIA\n\n<\/h4><\/div>\n        <\/section>\t\t<\/div>\n\t\t\t\t<\/div>\n\t\t\t\t\t<\/div>\n\t\t<\/div>\n\t\t\t\t\t<\/div>\n\t\t<\/section>\n\t\t\t\t<section class=\"elementor-section elementor-top-section elementor-element elementor-element-dcdd7eb elementor-section-content-middle elementor-section-boxed elementor-section-height-default elementor-section-height-default\" data-id=\"dcdd7eb\" data-element_type=\"section\">\n\t\t\t\t\t\t<div class=\"elementor-container elementor-column-gap-no\">\n\t\t\t\t\t<div class=\"aux-parallax-section elementor-column elementor-col-33 elementor-top-column elementor-element elementor-element-a287803 aux-appear-watch-animation aux-fade-in-up\" data-id=\"a287803\" data-element_type=\"column\">\n\t\t\t<div class=\"elementor-widget-wrap elementor-element-populated\">\n\t\t\t\t\t\t<div class=\"elementor-element elementor-element-132d8ed elementor-hidden-tablet elementor-hidden-phone elementor-widget elementor-widget-aux_modern_heading\" data-id=\"132d8ed\" data-element_type=\"widget\" data-widget_type=\"aux_modern_heading.default\">\n\t\t\t\t<div class=\"elementor-widget-container\">\n\t\t\t<section class=\"aux-widget-modern-heading\">\n            <div class=\"aux-widget-inner\"><h4 class=\"aux-modern-heading-primary\">A PUERTA ABIERTA\n\n<\/h4><\/div>\n        <\/section>\t\t<\/div>\n\t\t\t\t<\/div>\n\t\t\t\t\t<\/div>\n\t\t<\/div>\n\t\t\t\t<div class=\"aux-parallax-section elementor-column elementor-col-33 elementor-top-column elementor-element elementor-element-715d578\" data-id=\"715d578\" data-element_type=\"column\">\n\t\t\t<div class=\"elementor-widget-wrap elementor-element-populated\">\n\t\t\t\t\t\t<div class=\"elementor-element elementor-element-b29953a aux-appear-watch-animation aux-fade-in elementor-widget elementor-widget-aux_image\" data-id=\"b29953a\" data-element_type=\"widget\" data-widget_type=\"aux_image.default\">\n\t\t\t\t<div class=\"elementor-widget-container\">\n\t\t\t<section class=\"widget-container aux-widget-image aux-alignnone aux-parent-aufb691bae\">\n    <div class=\"aux-media-hint-frame \">\n        <div class=\"aux-media-image \" >\n        \n            \n\n            \n            <img loading=\"lazy\" decoding=\"async\" width=\"1019\" height=\"679\" src=\"data:image\/gif;base64,R0lGODlhAQABAIAAAAAAAP\/\/\/yH5BAEAAAAALAAAAAABAAEAAAIBRAA7\" class=\"aux-attachment aux-featured-image aux-attachment-id-178 aux-preload aux-blank\" alt=\"perfiles\" data-ratio=\"1.5\" data-original-w=\"1019\" data-src=\"https:\/\/metaforasdelsercaribe.com\/wp\/wp-content\/uploads\/2024\/10\/perfiles.jpg\" \/>            \n                <\/div>\n    <\/div>\n\n<\/section><!-- widget-container -->\t\t<\/div>\n\t\t\t\t<\/div>\n\t\t\t\t\t<\/div>\n\t\t<\/div>\n\t\t\t\t<div class=\"aux-parallax-section elementor-column elementor-col-33 elementor-top-column elementor-element elementor-element-e9b08e5\" data-id=\"e9b08e5\" data-element_type=\"column\">\n\t\t\t<div class=\"elementor-widget-wrap elementor-element-populated\">\n\t\t\t\t\t\t<div class=\"elementor-element elementor-element-d43da71 aux-appear-watch-animation aux-fade-in elementor-widget elementor-widget-aux_modern_heading\" data-id=\"d43da71\" data-element_type=\"widget\" data-widget_type=\"aux_modern_heading.default\">\n\t\t\t\t<div class=\"elementor-widget-container\">\n\t\t\t<section class=\"aux-widget-modern-heading\">\n            <div class=\"aux-widget-inner\"><div class=\"aux-modern-heading-divider\"><\/div><h3 class=\"aux-modern-heading-primary\">PERFILES<\/h3><h5 class=\"aux-modern-heading-secondary\"><span class=\"aux-head-before\">Biograf\u00eda y detalles de los art\u00edstas<\/span><\/h5><div class=\"aux-modern-heading-description\"><p>VER M\u00c1S [+]<\/div><\/div>\n        <\/section>\t\t<\/div>\n\t\t\t\t<\/div>\n\t\t\t\t\t<\/div>\n\t\t<\/div>\n\t\t\t\t\t<\/div>\n\t\t<\/section>\n\t\t\t\t<section class=\"elementor-section elementor-top-section elementor-element elementor-element-3492479 elementor-section-content-middle elementor-reverse-tablet elementor-reverse-mobile elementor-section-boxed elementor-section-height-default elementor-section-height-default\" data-id=\"3492479\" data-element_type=\"section\">\n\t\t\t\t\t\t<div class=\"elementor-container elementor-column-gap-no\">\n\t\t\t\t\t<div class=\"aux-parallax-section elementor-column elementor-col-25 elementor-top-column elementor-element elementor-element-6b82d96\" data-id=\"6b82d96\" data-element_type=\"column\">\n\t\t\t<div class=\"elementor-widget-wrap\">\n\t\t\t\t\t\t\t<\/div>\n\t\t<\/div>\n\t\t\t\t<div class=\"aux-parallax-section elementor-column elementor-col-25 elementor-top-column elementor-element elementor-element-09f38ae\" data-id=\"09f38ae\" data-element_type=\"column\">\n\t\t\t<div class=\"elementor-widget-wrap elementor-element-populated\">\n\t\t\t\t\t\t<div class=\"elementor-element elementor-element-2b0eab7 aux-appear-watch-animation aux-fade-in elementor-widget elementor-widget-aux_modern_heading\" data-id=\"2b0eab7\" data-element_type=\"widget\" data-widget_type=\"aux_modern_heading.default\">\n\t\t\t\t<div class=\"elementor-widget-container\">\n\t\t\t<section class=\"aux-widget-modern-heading\">\n            <div class=\"aux-widget-inner\"><div class=\"aux-modern-heading-divider\"><\/div><h5 class=\"aux-modern-heading-primary\">PRENSA &amp; REDES\n\n<\/h5><h6 class=\"aux-modern-heading-secondary\"><span class=\"aux-head-before\">Apariciones en medios de comunicaci\u00f3n y redes sociales<\/span><\/h6><div class=\"aux-modern-heading-description\"><p>IR A LA SECCI\u00d3N [+]<\/div><\/div>\n        <\/section>\t\t<\/div>\n\t\t\t\t<\/div>\n\t\t\t\t\t<\/div>\n\t\t<\/div>\n\t\t\t\t<div class=\"aux-parallax-section elementor-column elementor-col-25 elementor-top-column elementor-element elementor-element-efe6545\" data-id=\"efe6545\" data-element_type=\"column\">\n\t\t\t<div class=\"elementor-widget-wrap elementor-element-populated\">\n\t\t\t\t\t\t<div class=\"elementor-element elementor-element-5e529c3 aux-appear-watch-animation aux-fade-in elementor-widget elementor-widget-aux_image\" data-id=\"5e529c3\" data-element_type=\"widget\" data-widget_type=\"aux_image.default\">\n\t\t\t\t<div class=\"elementor-widget-container\">\n\t\t\t<section class=\"widget-container aux-widget-image aux-alignnone aux-parent-auacf0ca33\">\n    <div class=\"aux-media-hint-frame \">\n        <div class=\"aux-media-image \" >\n        \n            \n\n            \n            <img loading=\"lazy\" decoding=\"async\" width=\"641\" height=\"830\" src=\"data:image\/gif;base64,R0lGODlhAQABAIAAAAAAAP\/\/\/yH5BAEAAAAALAAAAAABAAEAAAIBRAA7\" class=\"aux-attachment aux-featured-image aux-attachment-id-185 aux-preload aux-blank\" alt=\"MEDIOS\" data-ratio=\"0.77\" data-original-w=\"641\" data-src=\"https:\/\/metaforasdelsercaribe.com\/wp\/wp-content\/uploads\/2024\/10\/MEDIOS.jpg\" \/>            \n                <\/div>\n    <\/div>\n\n<\/section><!-- widget-container -->\t\t<\/div>\n\t\t\t\t<\/div>\n\t\t\t\t\t<\/div>\n\t\t<\/div>\n\t\t\t\t<div class=\"aux-parallax-section elementor-column elementor-col-25 elementor-top-column elementor-element elementor-element-530cadc aux-appear-watch-animation aux-fade-in-up\" data-id=\"530cadc\" data-element_type=\"column\">\n\t\t\t<div class=\"elementor-widget-wrap elementor-element-populated\">\n\t\t\t\t\t\t<div class=\"elementor-element elementor-element-562c2eb elementor-hidden-tablet elementor-hidden-phone elementor-widget elementor-widget-aux_modern_heading\" data-id=\"562c2eb\" data-element_type=\"widget\" data-widget_type=\"aux_modern_heading.default\">\n\t\t\t\t<div class=\"elementor-widget-container\">\n\t\t\t<section class=\"aux-widget-modern-heading\">\n            <div class=\"aux-widget-inner\"><h5 class=\"aux-modern-heading-primary\">#METAFORASDELSERCARIBE\n\n<\/h5><\/div>\n        <\/section>\t\t<\/div>\n\t\t\t\t<\/div>\n\t\t\t\t\t<\/div>\n\t\t<\/div>\n\t\t\t\t\t<\/div>\n\t\t<\/section>\n\t\t\t\t<\/div>\n\t\t","protected":false},"excerpt":{"rendered":"<p>Artistas pl\u00e1sticos: RUBIEL BADILLO ROMERO &amp; HERNANDO ARTETA DE ALBA 25 A\u00d1OS DE ARTE LA EXPOSICI\u00d3N gira en torno a dos miradas que exploran el entorno de la cultura caribe VER TEM\u00c1TICA [+] PINTURAS &amp; ESCULTURAS LAS OBRAS Un recorrido visual por las obras y sus procesos art\u00edsticos. VER M\u00c1S [+]\u00a0 CONTENIDOS MULTIMEDIA A PUERTA [&hellip;]<\/p>\n","protected":false},"author":1,"featured_media":0,"parent":0,"menu_order":0,"comment_status":"closed","ping_status":"closed","template":"templates\/page-builder-content.php","meta":{"footnotes":""},"class_list":["post-138","page","type-page","status-publish","hentry"],"_links":{"self":[{"href":"https:\/\/metaforasdelsercaribe.com\/wp\/wp-json\/wp\/v2\/pages\/138","targetHints":{"allow":["GET"]}}],"collection":[{"href":"https:\/\/metaforasdelsercaribe.com\/wp\/wp-json\/wp\/v2\/pages"}],"about":[{"href":"https:\/\/metaforasdelsercaribe.com\/wp\/wp-json\/wp\/v2\/types\/page"}],"author":[{"embeddable":true,"href":"https:\/\/metaforasdelsercaribe.com\/wp\/wp-json\/wp\/v2\/users\/1"}],"replies":[{"embeddable":true,"href":"https:\/\/metaforasdelsercaribe.com\/wp\/wp-json\/wp\/v2\/comments?post=138"}],"version-history":[{"count":33,"href":"https:\/\/metaforasdelsercaribe.com\/wp\/wp-json\/wp\/v2\/pages\/138\/revisions"}],"predecessor-version":[{"id":191,"href":"https:\/\/metaforasdelsercaribe.com\/wp\/wp-json\/wp\/v2\/pages\/138\/revisions\/191"}],"wp:attachment":[{"href":"https:\/\/metaforasdelsercaribe.com\/wp\/wp-json\/wp\/v2\/media?parent=138"}],"curies":[{"name":"wp","href":"https:\/\/api.w.org\/{rel}","templated":true}]}}